{"id":30,"date":"2023-09-28T14:03:00","date_gmt":"2023-09-28T12:03:00","guid":{"rendered":"https:\/\/omniatreballs.com\/?page_id=30"},"modified":"2024-01-22T17:04:02","modified_gmt":"2024-01-22T16:04:02","slug":"serveis","status":"publish","type":"page","link":"https:\/\/omniatreballs.com\/es\/servicios\/","title":{"rendered":"Servicios de Construcci\u00f3n y Carpinter\u00eda"},"content":{"rendered":"","protected":false},"excerpt":{"rendered":"","protected":false},"author":1,"featured_media":0,"parent":0,"menu_order":0,"comment_status":"closed","ping_status":"closed","template":"","meta":{"footnotes":""},"class_list":["post-30","page","type-page","status-publish","hentry"],"yoast_head":"<!-- This site is optimized with the Yoast SEO plugin v24.8.1 - https:\/\/yoast.com\/wordpress\/plugins\/seo\/ -->\n<title>Serveis de Construcci\u00f3 i Fusteria - \u00d2mnia Treballs<\/title>\n<meta name=\"description\" content=\"Serveis de construcci\u00f3 i fusteria: Reformes, obres noves, masies i fusta exterior. Solucions personalitzades amb comprom\u00eds i qualitat.\" \/>\n<meta name=\"robots\" content=\"index, follow, max-snippet:-1, max-image-preview:large, max-video-preview:-1\" \/>\n<link rel=\"canonical\" href=\"https:\/\/omniatreballs.com\/es\/servicios\/\" \/>\n<meta property=\"og:locale\" content=\"es_ES\" \/>\n<meta property=\"og:type\" content=\"article\" \/>\n<meta property=\"og:title\" content=\"Serveis de Construcci\u00f3 i Fusteria - \u00d2mnia Treballs\" \/>\n<meta property=\"og:description\" content=\"Serveis de construcci\u00f3 i fusteria: Reformes, obres noves, masies i fusta exterior. Solucions personalitzades amb comprom\u00eds i qualitat.\" \/>\n<meta property=\"og:url\" content=\"https:\/\/omniatreballs.com\/es\/servicios\/\" \/>\n<meta property=\"og:site_name\" content=\"\u00d2mnia Treballs\" \/>\n<meta property=\"article:modified_time\" content=\"2024-01-22T16:04:02+00:00\" \/>\n<meta name=\"twitter:card\" content=\"summary_large_image\" \/>\n<meta name=\"twitter:label1\" content=\"Tiempo de lectura\" \/>\n\t<meta name=\"twitter:data1\" content=\"6 minutos\" \/>\n<script type=\"application\/ld+json\" class=\"yoast-schema-graph\">{\"@context\":\"https:\/\/schema.org\",\"@graph\":[{\"@type\":\"WebPage\",\"@id\":\"https:\/\/omniatreballs.com\/serveis\/\",\"url\":\"https:\/\/omniatreballs.com\/serveis\/\",\"name\":\"Serveis de Construcci\u00f3 i Fusteria - \u00d2mnia Treballs\",\"isPartOf\":{\"@id\":\"https:\/\/omniatreballs.com\/#website\"},\"datePublished\":\"2023-09-28T12:03:00+00:00\",\"dateModified\":\"2024-01-22T16:04:02+00:00\",\"description\":\"Serveis de construcci\u00f3 i fusteria: Reformes, obres noves, masies i fusta exterior. Solucions personalitzades amb comprom\u00eds i qualitat.\",\"breadcrumb\":{\"@id\":\"https:\/\/omniatreballs.com\/serveis\/#breadcrumb\"},\"inLanguage\":\"es\",\"potentialAction\":[{\"@type\":\"ReadAction\",\"target\":[\"https:\/\/omniatreballs.com\/serveis\/\"]}]},{\"@type\":\"BreadcrumbList\",\"@id\":\"https:\/\/omniatreballs.com\/serveis\/#breadcrumb\",\"itemListElement\":[{\"@type\":\"ListItem\",\"position\":1,\"name\":\"Inici\",\"item\":\"https:\/\/omniatreballs.com\/\"},{\"@type\":\"ListItem\",\"position\":2,\"name\":\"Serveis de Construcci\u00f3 i Fusteria\"}]},{\"@type\":\"WebSite\",\"@id\":\"https:\/\/omniatreballs.com\/#website\",\"url\":\"https:\/\/omniatreballs.com\/\",\"name\":\"\u00d2mnia Treballs\",\"description\":\"\",\"potentialAction\":[{\"@type\":\"SearchAction\",\"target\":{\"@type\":\"EntryPoint\",\"urlTemplate\":\"https:\/\/omniatreballs.com\/?s={search_term_string}\"},\"query-input\":{\"@type\":\"PropertyValueSpecification\",\"valueRequired\":true,\"valueName\":\"search_term_string\"}}],\"inLanguage\":\"es\"}]}<\/script>\n<!-- \/ Yoast SEO plugin. -->","yoast_head_json":{"title":"Serveis de Construcci\u00f3 i Fusteria - \u00d2mnia Treballs","description":"Serveis de construcci\u00f3 i fusteria: Reformes, obres noves, masies i fusta exterior. Solucions personalitzades amb comprom\u00eds i qualitat.","robots":{"index":"index","follow":"follow","max-snippet":"max-snippet:-1","max-image-preview":"max-image-preview:large","max-video-preview":"max-video-preview:-1"},"canonical":"https:\/\/omniatreballs.com\/es\/servicios\/","og_locale":"es_ES","og_type":"article","og_title":"Serveis de Construcci\u00f3 i Fusteria - \u00d2mnia Treballs","og_description":"Serveis de construcci\u00f3 i fusteria: Reformes, obres noves, masies i fusta exterior. Solucions personalitzades amb comprom\u00eds i qualitat.","og_url":"https:\/\/omniatreballs.com\/es\/servicios\/","og_site_name":"\u00d2mnia Treballs","article_modified_time":"2024-01-22T16:04:02+00:00","twitter_card":"summary_large_image","twitter_misc":{"Tiempo de lectura":"6 minutos"},"schema":{"@context":"https:\/\/schema.org","@graph":[{"@type":"WebPage","@id":"https:\/\/omniatreballs.com\/serveis\/","url":"https:\/\/omniatreballs.com\/serveis\/","name":"Serveis de Construcci\u00f3 i Fusteria - \u00d2mnia Treballs","isPartOf":{"@id":"https:\/\/omniatreballs.com\/#website"},"datePublished":"2023-09-28T12:03:00+00:00","dateModified":"2024-01-22T16:04:02+00:00","description":"Serveis de construcci\u00f3 i fusteria: Reformes, obres noves, masies i fusta exterior. Solucions personalitzades amb comprom\u00eds i qualitat.","breadcrumb":{"@id":"https:\/\/omniatreballs.com\/serveis\/#breadcrumb"},"inLanguage":"es","potentialAction":[{"@type":"ReadAction","target":["https:\/\/omniatreballs.com\/serveis\/"]}]},{"@type":"BreadcrumbList","@id":"https:\/\/omniatreballs.com\/serveis\/#breadcrumb","itemListElement":[{"@type":"ListItem","position":1,"name":"Inici","item":"https:\/\/omniatreballs.com\/"},{"@type":"ListItem","position":2,"name":"Serveis de Construcci\u00f3 i Fusteria"}]},{"@type":"WebSite","@id":"https:\/\/omniatreballs.com\/#website","url":"https:\/\/omniatreballs.com\/","name":"\u00d2mnia Treballs","description":"","potentialAction":[{"@type":"SearchAction","target":{"@type":"EntryPoint","urlTemplate":"https:\/\/omniatreballs.com\/?s={search_term_string}"},"query-input":{"@type":"PropertyValueSpecification","valueRequired":true,"valueName":"search_term_string"}}],"inLanguage":"es"}]}},"_links":{"self":[{"href":"https:\/\/omniatreballs.com\/es\/wp-json\/wp\/v2\/pages\/30","targetHints":{"allow":["GET"]}}],"collection":[{"href":"https:\/\/omniatreballs.com\/es\/wp-json\/wp\/v2\/pages"}],"about":[{"href":"https:\/\/omniatreballs.com\/es\/wp-json\/wp\/v2\/types\/page"}],"author":[{"embeddable":true,"href":"https:\/\/omniatreballs.com\/es\/wp-json\/wp\/v2\/users\/1"}],"replies":[{"embeddable":true,"href":"https:\/\/omniatreballs.com\/es\/wp-json\/wp\/v2\/comments?post=30"}],"version-history":[{"count":2,"href":"https:\/\/omniatreballs.com\/es\/wp-json\/wp\/v2\/pages\/30\/revisions"}],"predecessor-version":[{"id":88,"href":"https:\/\/omniatreballs.com\/es\/wp-json\/wp\/v2\/pages\/30\/revisions\/88"}],"wp:attachment":[{"href":"https:\/\/omniatreballs.com\/es\/wp-json\/wp\/v2\/media?parent=30"}],"curies":[{"name":"wp","href":"https:\/\/api.w.org\/{rel}","templated":true}]}}